{"id":103,"date":"2017-01-25T11:25:19","date_gmt":"2017-01-25T11:25:19","guid":{"rendered":"http:\/\/estudiovillano.com\/estudio\/?page_id=103"},"modified":"2020-09-28T07:05:07","modified_gmt":"2020-09-28T07:05:07","slug":"julio-villano-abogado-marcas-patentes-estudio","status":"publish","type":"page","link":"http:\/\/estudiovillano.com\/estudio\/","title":{"rendered":"Estudio"},"content":{"rendered":"<p>[et_pb_section bb_built=\u00bb1&#8243; custom_padding_last_edited=\u00bbon|desktop\u00bb _builder_version=\u00bb3.12.2&#8243; custom_padding=\u00bb5px|||\u00bb custom_padding_tablet=\u00bb50px|0|50px|0&#8243; custom_css_main_element=\u00bbborder-bottom: 2px solid #666;||padding: 0;\u00bb transparent_background=\u00bboff\u00bb next_background_color=\u00bb#dddddd\u00bb global_module=\u00bb663&#8243;][et_pb_row global_parent=\u00bb663&#8243; make_fullwidth=\u00bbon\u00bb use_custom_gutter=\u00bbon\u00bb gutter_width=\u00bb1&#8243; custom_padding=\u00bb0px|||\u00bb _builder_version=\u00bb3.12.2&#8243; module_alignment=\u00bbcenter\u00bb custom_css_main_element=\u00bbborder-bottom: 3px solid #8E9D66;||padding: 0;\u00bb module_class=\u00bbfive-columns\u00bb][et_pb_column type=\u00bb4_4&#8243;][et_pb_image global_parent=\u00bb663&#8243; src=\u00bbhttp:\/\/estudiovillano.com\/estudio\/wp-content\/uploads\/2017\/01\/encabezado-logo-martindale.jpg\u00bb url=\u00bbhttp:\/\/www.martindale.com\/\u00bb url_new_window=\u00bbon\u00bb show_bottom_space=\u00bboff\u00bb align=\u00bbcenter\u00bb _builder_version=\u00bb3.12.2&#8243; animation_style=\u00bbslide\u00bb animation_direction=\u00bbbottom\u00bb animation_duration=\u00bb500ms\u00bb animation_intensity_slide=\u00bb10%\u00bb use_border_color=\u00bboff\u00bb border_color=\u00bb#ffffff\u00bb border_style=\u00bbsolid\u00bb animation=\u00bbbottom\u00bb sticky=\u00bbon\u00bb module_class=\u00bbfive-columns\u00bb]<\/p>\n<p>&nbsp;<\/p>\n<p>[\/et_pb_image][et_pb_image global_parent=\u00bb663&#8243; src=\u00bbhttp:\/\/estudiovillano.com\/estudio\/wp-content\/uploads\/2017\/01\/encabezado-logo-globalipattorneys.jpg\u00bb url=\u00bbhttp:\/\/www.globalipattorneys.com\/\u00bb url_new_window=\u00bbon\u00bb show_bottom_space=\u00bboff\u00bb align=\u00bbcenter\u00bb _builder_version=\u00bb3.12.2&#8243; animation_style=\u00bbslide\u00bb animation_direction=\u00bbbottom\u00bb animation_duration=\u00bb500ms\u00bb animation_intensity_slide=\u00bb10%\u00bb use_border_color=\u00bboff\u00bb border_color=\u00bb#ffffff\u00bb border_style=\u00bbsolid\u00bb animation=\u00bbbottom\u00bb sticky=\u00bbon\u00bb module_class=\u00bbfive-columns\u00bb]<\/p>\n<p>&nbsp;<\/p>\n<p>[\/et_pb_image][et_pb_image global_parent=\u00bb663&#8243; src=\u00bbhttp:\/\/estudiovillano.com\/estudio\/wp-content\/uploads\/2020\/04\/logo-iplink.jpg\u00bb url=\u00bbhttp:\/\/www.iplink-asia.com\/\u00bb url_new_window=\u00bbon\u00bb show_bottom_space=\u00bboff\u00bb align=\u00bbcenter\u00bb _builder_version=\u00bb3.12.2&#8243; animation_style=\u00bbslide\u00bb animation_direction=\u00bbbottom\u00bb animation_duration=\u00bb500ms\u00bb animation_intensity_slide=\u00bb10%\u00bb use_border_color=\u00bboff\u00bb border_color=\u00bb#ffffff\u00bb border_style=\u00bbsolid\u00bb animation=\u00bbbottom\u00bb sticky=\u00bbon\u00bb module_class=\u00bbfive-columns\u00bb]<\/p>\n<p>&nbsp;<\/p>\n<p>[\/et_pb_image][et_pb_image global_parent=\u00bb663&#8243; src=\u00bbhttp:\/\/estudiovillano.com\/estudio\/wp-content\/uploads\/2020\/04\/encabezado-logo-chinaip-today2.jpg\u00bb url=\u00bbhttp:\/\/www.chinaiptoday.com\/\u00bb url_new_window=\u00bbon\u00bb show_bottom_space=\u00bboff\u00bb align=\u00bbcenter\u00bb _builder_version=\u00bb3.12.2&#8243; animation_style=\u00bbslide\u00bb animation_direction=\u00bbbottom\u00bb animation_duration=\u00bb500ms\u00bb animation_intensity_slide=\u00bb10%\u00bb use_border_color=\u00bboff\u00bb border_color=\u00bb#ffffff\u00bb border_style=\u00bbsolid\u00bb animation=\u00bbbottom\u00bb sticky=\u00bbon\u00bb module_class=\u00bbfive-columns\u00bb]<\/p>\n<p>&nbsp;<\/p>\n<p>[\/et_pb_image][et_pb_image global_parent=\u00bb64&#8243; src=\u00bbhttp:\/\/estudiovillano.com\/estudio\/wp-content\/uploads\/2020\/09\/encabezado-logo-humming.jpg\u00bb url=\u00bbhttps:\/\/www.hummingbirdip.com\/\u00bb url_new_window=\u00bbon\u00bb show_bottom_space=\u00bboff\u00bb align=\u00bbcenter\u00bb _builder_version=\u00bb3.12.2&#8243; animation_style=\u00bbslide\u00bb animation_direction=\u00bbbottom\u00bb animation_duration=\u00bb500ms\u00bb animation_intensity_slide=\u00bb10%\u00bb use_border_color=\u00bboff\u00bb border_color=\u00bb#ffffff\u00bb border_style=\u00bbsolid\u00bb animation=\u00bbbottom\u00bb sticky=\u00bbon\u00bb module_class=\u00bbfive-columns\u00bb]<\/p>\n<p>&nbsp;<\/p>\n<p>[\/et_pb_image][\/et_pb_column][\/et_pb_row][et_pb_row global_parent=\u00bb663&#8243; custom_padding=\u00bb15px||0px|\u00bb _builder_version=\u00bb3.12.2&#8243; background_size=\u00bbinitial\u00bb background_position=\u00bbtop_left\u00bb background_repeat=\u00bbrepeat\u00bb][et_pb_column type=\u00bb4_4&#8243;][et_pb_text global_parent=\u00bb663&#8243; _builder_version=\u00bb3.12.2&#8243; text_font=\u00bb||||||||\u00bb text_text_color=\u00bb#c6241b\u00bb text_font_size=\u00bb16px\u00bb text_orientation=\u00bbcenter\u00bb]<\/p>\n<p><strong>CORONAVIRUS &#8211; NORMATIVA ARGENTINA E INTERNACIONAL<\/strong><\/p>\n<p>[\/et_pb_text][\/et_pb_column][\/et_pb_row][et_pb_row global_parent=\u00bb663&#8243; custom_padding=\u00bb15px||20px|\u00bb _builder_version=\u00bb3.12.2&#8243; background_size=\u00bbinitial\u00bb background_position=\u00bbtop_left\u00bb background_repeat=\u00bbrepeat\u00bb][et_pb_column type=\u00bb1_2&#8243;][et_pb_button global_parent=\u00bb663&#8243; button_url=\u00bb\/estudio\/coronavirus-medidas-adoptadas-en-argentina\/\u00bb button_text=\u00bbMEDIDAS DICTADAS EN ARGENTINA\u00bb button_alignment=\u00bbright\u00bb _builder_version=\u00bb3.12.2&#8243; custom_button=\u00bbon\u00bb button_text_size=\u00bb15px\u00bb button_text_color=\u00bb#ffffff\u00bb button_bg_color=\u00bb#c6241b\u00bb button_border_width=\u00bb0px\u00bb button_border_radius=\u00bb10px\u00bb button_font=\u00bb|600|||||||\u00bb button_use_icon=\u00bboff\u00bb custom_margin=\u00bb|||\u00bb custom_padding=\u00bb|||\u00bb \/][\/et_pb_column][et_pb_column type=\u00bb1_2&#8243;][et_pb_button global_parent=\u00bb663&#8243; button_url=\u00bb\/estudio\/coronavirus-medidas-adoptadas-en-otros-paises\/\u00bb button_text=\u00bbMEDIDAS DICTADAS EN OTROS PA\u00cdSES\u00bb button_alignment=\u00bbleft\u00bb _builder_version=\u00bb3.12.2&#8243; custom_button=\u00bbon\u00bb button_text_size=\u00bb15px\u00bb button_text_color=\u00bb#ffffff\u00bb button_bg_color=\u00bb#c6241b\u00bb button_border_width=\u00bb0px\u00bb button_border_radius=\u00bb10px\u00bb button_font=\u00bb|600|||||||\u00bb button_use_icon=\u00bboff\u00bb custom_margin=\u00bb|||\u00bb custom_padding=\u00bb|||\u00bb \/][\/et_pb_column][\/et_pb_row][\/et_pb_section][et_pb_section bb_built=\u00bb1&#8243; custom_padding_last_edited=\u00bbon|desktop\u00bb _builder_version=\u00bb3.12.2&#8243; background_color=\u00bb#dddddd\u00bb custom_padding=\u00bb0px|||\u00bb custom_padding_tablet=\u00bb50px|0|50px|0&#8243; transparent_background=\u00bboff\u00bb prev_background_color=\u00bb#ffffff\u00bb next_background_color=\u00bb#ffffff\u00bb][et_pb_row custom_padding=\u00bb0px|||\u00bb custom_margin=\u00bb0px|||\u00bb _builder_version=\u00bb3.12.2&#8243;][et_pb_column type=\u00bb4_4&#8243;][et_pb_text _builder_version=\u00bb3.12.2&#8243; background_size=\u00bbinitial\u00bb background_position=\u00bbtop_left\u00bb background_repeat=\u00bbrepeat\u00bb module_alignment=\u00bbcenter\u00bb custom_margin=\u00bb18px|||\u00bb use_border_color=\u00bboff\u00bb border_color=\u00bb#ffffff\u00bb border_style=\u00bbsolid\u00bb]<\/p>\n<p>Usted est\u00e1 en: <strong>ESTUDIO<\/strong><\/p>\n<p>[\/et_pb_text][\/et_pb_column][\/et_pb_row][et_pb_row _builder_version=\u00bb3.0.47&#8243; background_size=\u00bbinitial\u00bb background_position=\u00bbtop_left\u00bb background_repeat=\u00bbrepeat\u00bb][et_pb_column type=\u00bb1_2&#8243;][et_pb_gallery gallery_ids=\u00bb158,157&#8243; fullwidth=\u00bbon\u00bb _builder_version=\u00bb3.0.87&#8243; caption_all_caps=\u00bboff\u00bb auto=\u00bbon\u00bb auto_speed=\u00bb4000&#8243; use_border_color=\u00bboff\u00bb border_color=\u00bb#ffffff\u00bb border_style=\u00bbsolid\u00bb]<\/p>\n<p>&nbsp;<\/p>\n<p>[\/et_pb_gallery][\/et_pb_column][et_pb_column type=\u00bb1_2&#8243;][et_pb_text _builder_version=\u00bb3.0.87&#8243; header_line_height=\u00bb2em\u00bb background_size=\u00bbinitial\u00bb background_position=\u00bbtop_left\u00bb background_repeat=\u00bbrepeat\u00bb custom_margin=\u00bb50px|||\u00bb use_border_color=\u00bboff\u00bb border_color=\u00bb#ffffff\u00bb border_style=\u00bbsolid\u00bb]<\/p>\n<h3>Bienvenido a Estudio Villano<\/h3>\n<p>Brindamos los servicios de asesoramiento legal que su empresa necesita para tener \u00e9xito, resolver conflictos y planificar el futuro basando nuestra actividad en una amplia experiencia y s\u00f3lida formaci\u00f3n profesional tanto en litigios como en asesoramiento y negociaciones societarias, comerciales y referidas a asuntos regulatorios.<\/p>\n<p>[\/et_pb_text][\/et_pb_column][\/et_pb_row][\/et_pb_section][et_pb_section bb_built=\u00bb1&#8243; _builder_version=\u00bb3.12.2&#8243; prev_background_color=\u00bb#dddddd\u00bb next_background_color=\u00bb#dddddd\u00bb][et_pb_row _builder_version=\u00bb3.12.2&#8243;][et_pb_column type=\u00bb1_3&#8243;][et_pb_text _builder_version=\u00bb3.0.87&#8243; background_size=\u00bbinitial\u00bb background_position=\u00bbtop_left\u00bb background_repeat=\u00bbrepeat\u00bb use_border_color=\u00bboff\u00bb border_color=\u00bb#ffffff\u00bb border_style=\u00bbsolid\u00bb]<\/p>\n<h4>Fundador<\/h4>\n<p>[\/et_pb_text][et_pb_blurb title=\u00bbDr. Julio C\u00e9sar Villano\u00bb url=\u00bbmailto:jvillano@estudiovillano.com\u00bb use_icon=\u00bbon\u00bb font_icon=\u00bb%%109%%\u00bb icon_color=\u00bb#777777&#8243; icon_placement=\u00bbleft\u00bb use_icon_font_size=\u00bbon\u00bb icon_font_size=\u00bb25px\u00bb _builder_version=\u00bb3.12.2&#8243; header_font=\u00bb||||||||\u00bb body_font=\u00bb||||||||\u00bb body_font_size=\u00bb15&#8243; background_size=\u00bbinitial\u00bb background_position=\u00bbtop_left\u00bb background_repeat=\u00bbrepeat\u00bb animation=\u00bboff\u00bb use_border_color=\u00bboff\u00bb border_color=\u00bb#ffffff\u00bb border_style=\u00bbsolid\u00bb]<\/p>\n<p>&nbsp;<\/p>\n<p>[\/et_pb_blurb][\/et_pb_column][et_pb_column type=\u00bb1_3&#8243;][et_pb_text _builder_version=\u00bb3.0.87&#8243; background_size=\u00bbinitial\u00bb background_position=\u00bbtop_left\u00bb background_repeat=\u00bbrepeat\u00bb use_border_color=\u00bboff\u00bb border_color=\u00bb#ffffff\u00bb border_style=\u00bbsolid\u00bb]<\/p>\n<h4>Colaboradores<\/h4>\n<p>[\/et_pb_text][et_pb_blurb title=\u00bbDra. Andrea Valeria Mendoza\u00bb url=\u00bbmailto:avmendoza@estudiovillano.com\u00bb use_icon=\u00bbon\u00bb font_icon=\u00bb%%109%%\u00bb icon_color=\u00bb#777777&#8243; icon_placement=\u00bbleft\u00bb use_icon_font_size=\u00bbon\u00bb icon_font_size=\u00bb25px\u00bb _builder_version=\u00bb3.12.2&#8243; header_font=\u00bb||||||||\u00bb body_font_size=\u00bb15&#8243; body_line_height=\u00bb1em\u00bb background_size=\u00bbinitial\u00bb background_position=\u00bbtop_left\u00bb background_repeat=\u00bbrepeat\u00bb custom_margin=\u00bb||0px|\u00bb custom_padding=\u00bb||10px|\u00bb animation=\u00bboff\u00bb use_border_color=\u00bboff\u00bb border_color=\u00bb#ffffff\u00bb border_style=\u00bbsolid\u00bb]<\/p>\n<p>&nbsp;<\/p>\n<p>[\/et_pb_blurb][et_pb_blurb title=\u00bbDr. Mart\u00edn A. Hermida Castro\u00bb url=\u00bbmailto:mhcastro@estudiovillano.com\u00bb use_icon=\u00bbon\u00bb font_icon=\u00bb%%109%%\u00bb icon_color=\u00bb#777777&#8243; icon_placement=\u00bbleft\u00bb use_icon_font_size=\u00bbon\u00bb icon_font_size=\u00bb25px\u00bb _builder_version=\u00bb3.12.2&#8243; body_font_size=\u00bb15&#8243; body_line_height=\u00bb1em\u00bb background_size=\u00bbinitial\u00bb background_position=\u00bbtop_left\u00bb background_repeat=\u00bbrepeat\u00bb custom_margin=\u00bb||0px|\u00bb custom_padding=\u00bb||10px|\u00bb animation=\u00bboff\u00bb use_border_color=\u00bboff\u00bb border_color=\u00bb#ffffff\u00bb border_style=\u00bbsolid\u00bb]<\/p>\n<p>&nbsp;<\/p>\n<p>[\/et_pb_blurb][et_pb_blurb title=\u00bbDr. Luis M.Pilatti\u00bb url=\u00bbmailto:lpilatti@estudiovillano.com\u00bb use_icon=\u00bbon\u00bb font_icon=\u00bb%%109%%\u00bb icon_color=\u00bb#777777&#8243; icon_placement=\u00bbleft\u00bb use_icon_font_size=\u00bbon\u00bb icon_font_size=\u00bb25px\u00bb _builder_version=\u00bb3.12.2&#8243; body_font_size=\u00bb15&#8243; body_line_height=\u00bb1em\u00bb background_size=\u00bbinitial\u00bb background_position=\u00bbtop_left\u00bb background_repeat=\u00bbrepeat\u00bb custom_margin=\u00bb||0px|\u00bb custom_padding=\u00bb||10px|\u00bb animation=\u00bboff\u00bb use_border_color=\u00bboff\u00bb border_color=\u00bb#ffffff\u00bb border_style=\u00bbsolid\u00bb]<\/p>\n<p>&nbsp;<\/p>\n<p>[\/et_pb_blurb][et_pb_blurb title=\u00bbDr. Mat\u00edas J. Casal\u00bb url=\u00bbmailto:mcasal@estudiovillano.com\u00bb use_icon=\u00bbon\u00bb font_icon=\u00bb%%109%%\u00bb icon_color=\u00bb#777777&#8243; icon_placement=\u00bbleft\u00bb use_icon_font_size=\u00bbon\u00bb icon_font_size=\u00bb25px\u00bb _builder_version=\u00bb3.12.2&#8243; body_font_size=\u00bb15&#8243; body_line_height=\u00bb1em\u00bb background_size=\u00bbinitial\u00bb background_position=\u00bbtop_left\u00bb background_repeat=\u00bbrepeat\u00bb custom_margin=\u00bb||0px|\u00bb custom_padding=\u00bb||10px|\u00bb animation=\u00bboff\u00bb use_border_color=\u00bboff\u00bb border_color=\u00bb#ffffff\u00bb border_style=\u00bbsolid\u00bb]<\/p>\n<p>&nbsp;<\/p>\n<p>[\/et_pb_blurb][et_pb_blurb title=\u00bbDr. Rosendo M. Fraga\u00bb url=\u00bbmailto:rmfraga@estudiovillano.com\u00bb use_icon=\u00bbon\u00bb font_icon=\u00bb%%109%%\u00bb icon_color=\u00bb#777777&#8243; icon_placement=\u00bbleft\u00bb use_icon_font_size=\u00bbon\u00bb icon_font_size=\u00bb25px\u00bb _builder_version=\u00bb3.12.2&#8243; body_font_size=\u00bb15&#8243; body_line_height=\u00bb1em\u00bb background_size=\u00bbinitial\u00bb background_position=\u00bbtop_left\u00bb background_repeat=\u00bbrepeat\u00bb custom_margin=\u00bb||0px|\u00bb custom_padding=\u00bb||10px|\u00bb animation=\u00bboff\u00bb use_border_color=\u00bboff\u00bb border_color=\u00bb#ffffff\u00bb border_style=\u00bbsolid\u00bb]<\/p>\n<p>&nbsp;<\/p>\n<p>[\/et_pb_blurb][et_pb_blurb title=\u00bbCdra. Sandra E. Rend\u00f3n\u00bb url=\u00bbmailto:serendon@estudiovillano.com\u00bb use_icon=\u00bbon\u00bb font_icon=\u00bb%%109%%\u00bb icon_color=\u00bb#777777&#8243; icon_placement=\u00bbleft\u00bb use_icon_font_size=\u00bbon\u00bb icon_font_size=\u00bb25px\u00bb _builder_version=\u00bb3.12.2&#8243; body_font_size=\u00bb15&#8243; body_line_height=\u00bb1em\u00bb background_size=\u00bbinitial\u00bb background_position=\u00bbtop_left\u00bb background_repeat=\u00bbrepeat\u00bb animation=\u00bboff\u00bb use_border_color=\u00bboff\u00bb border_color=\u00bb#ffffff\u00bb border_style=\u00bbsolid\u00bb]<\/p>\n<p>&nbsp;<\/p>\n<p>[\/et_pb_blurb][\/et_pb_column][et_pb_column type=\u00bb1_3&#8243;][et_pb_text _builder_version=\u00bb3.12.2&#8243; background_size=\u00bbinitial\u00bb background_position=\u00bbtop_left\u00bb background_repeat=\u00bbrepeat\u00bb use_border_color=\u00bboff\u00bb border_color=\u00bb#ffffff\u00bb border_style=\u00bbsolid\u00bb]<\/p>\n<h4>Of Counsel<\/h4>\n<p>[\/et_pb_text][et_pb_blurb title=\u00bbDra. Marina Donato\u00bb url=\u00bbmailto:mdonato@estudiovillano.com\u00bb use_icon=\u00bbon\u00bb font_icon=\u00bb%%109%%\u00bb icon_color=\u00bb#777777&#8243; icon_placement=\u00bbleft\u00bb use_icon_font_size=\u00bbon\u00bb icon_font_size=\u00bb25px\u00bb _builder_version=\u00bb3.12.2&#8243; header_font=\u00bb||||||||\u00bb body_font_size=\u00bb15&#8243; body_line_height=\u00bb1em\u00bb background_size=\u00bbinitial\u00bb background_position=\u00bbtop_left\u00bb background_repeat=\u00bbrepeat\u00bb custom_margin=\u00bb||0px|\u00bb custom_padding=\u00bb||10px|\u00bb animation=\u00bboff\u00bb use_border_color=\u00bboff\u00bb border_color=\u00bb#ffffff\u00bb border_style=\u00bbsolid\u00bb]<\/p>\n<p>&nbsp;<\/p>\n<p>[\/et_pb_blurb][et_pb_blurb title=\u00bbDra. Alba del Valle Thomas\u00bb url=\u00bbmailto:athomas@estudiovillano.com\u00bb use_icon=\u00bbon\u00bb font_icon=\u00bb%%109%%\u00bb icon_color=\u00bb#777777&#8243; icon_placement=\u00bbleft\u00bb use_icon_font_size=\u00bbon\u00bb icon_font_size=\u00bb25px\u00bb _builder_version=\u00bb3.12.2&#8243; body_font_size=\u00bb15&#8243; body_line_height=\u00bb1em\u00bb background_size=\u00bbinitial\u00bb background_position=\u00bbtop_left\u00bb background_repeat=\u00bbrepeat\u00bb custom_margin=\u00bb||0px|\u00bb custom_padding=\u00bb||10px|\u00bb animation=\u00bboff\u00bb use_border_color=\u00bboff\u00bb border_color=\u00bb#ffffff\u00bb border_style=\u00bbsolid\u00bb]<\/p>\n<p>&nbsp;<\/p>\n<p>[\/et_pb_blurb][\/et_pb_column][\/et_pb_row][\/et_pb_section][et_pb_section bb_built=\u00bb1&#8243; _builder_version=\u00bb3.12.2&#8243; background_color=\u00bb#dddddd\u00bb prev_background_color=\u00bb#ffffff\u00bb next_background_color=\u00bb#7D8B5A\u00bb][et_pb_row _builder_version=\u00bb3.12.2&#8243; module_alignment=\u00bbcenter\u00bb use_custom_width=\u00bbon\u00bb custom_width_px=\u00bb600px\u00bb][et_pb_column type=\u00bb4_4&#8243;][et_pb_text _builder_version=\u00bb3.12.2&#8243; header_font=\u00bb||||||||\u00bb header_2_font=\u00bb||||||||\u00bb header_2_text_align=\u00bbcenter\u00bb]<\/p>\n<h2>Trademarks in Argentina &#8211; Recent Regulations<\/h2>\n<p>[\/et_pb_text][et_pb_code _builder_version=\u00bb3.12.2&#8243; text_orientation=\u00bbcenter\u00bb]&lt;iframe width=\u00bb600&#8243; height=\u00bb338&#8243; src=\u00bbhttps:\/\/www.youtube.com\/embed\/0ZIpfQoStB4&#8243; frameborder=\u00bb0&#8243; allow=\u00bbaccelerometer; autoplay; encrypted-media; gyroscope; picture-in-picture\u00bb allowfullscreen&gt;&lt;\/iframe&gt;[\/et_pb_code][\/et_pb_column][\/et_pb_row][\/et_pb_section][et_pb_section bb_built=\u00bb1&#8243; _builder_version=\u00bb3.12.2&#8243; background_color=\u00bb#7D8B5A\u00bb custom_margin=\u00bb|||\u00bb custom_padding=\u00bb|||\u00bb prev_background_color=\u00bb#dddddd\u00bb next_background_color=\u00bb#dddddd\u00bb][et_pb_row custom_padding=\u00bb|||\u00bb custom_margin=\u00bb|||\u00bb make_equal=\u00bbon\u00bb custom_css_main_1=\u00bbmargin:auto\u00bb _builder_version=\u00bb3.12.2&#8243; background_size=\u00bbinitial\u00bb background_position=\u00bbtop_left\u00bb background_repeat=\u00bbrepeat\u00bb][et_pb_column type=\u00bb1_2&#8243;][et_pb_text _builder_version=\u00bb3.12.2&#8243; header_font=\u00bb||||||||\u00bb header_text_color=\u00bb#ffffff\u00bb header_3_font=\u00bb||||||||\u00bb header_3_text_color=\u00bb#ffffff\u00bb header_3_line_height=\u00bb1.4em\u00bb custom_padding=\u00bb|||\u00bb]<\/p>\n<h3>Registro de Marca en Argentina.<br \/>\nCambios en la legislaci\u00f3n vigente.<\/h3>\n<p>[\/et_pb_text][et_pb_text _builder_version=\u00bb3.12.2&#8243; text_font=\u00bb||||||||\u00bb text_text_color=\u00bb#ffffff\u00bb text_font_size=\u00bb15px\u00bb]<\/p>\n<p>Art\u00edculo publicado por Estudio Villano en el portal <a style=\"color: #fff; text-decoration: underline;\" href=\"https:\/\/www.hg.org\/\" target=\"_blank\" rel=\"noopener\">HG.org Legal Resources<\/a><\/p>\n<p>[\/et_pb_text][et_pb_button button_url=\u00bbhttps:\/\/www.hg.org\/legal-articles\/trademark-registration-in-argentina-recent-legal-developments-53134&#8243; url_new_window=\u00bbon\u00bb button_text=\u00bbVer el Art\u00edculo\u00bb _builder_version=\u00bb3.12.2&#8243; custom_button=\u00bbon\u00bb button_text_color=\u00bb#ffffff\u00bb button_font=\u00bb||||||||\u00bb custom_margin=\u00bb|||\u00bb custom_padding=\u00bb|||\u00bb]<\/p>\n<p>&nbsp;<\/p>\n<p>[\/et_pb_button][\/et_pb_column][et_pb_column type=\u00bb1_2&#8243;][et_pb_image src=\u00bbhttp:\/\/estudiovillano.com\/estudio\/wp-content\/uploads\/2019\/09\/articulo-registracion-marcas2.jpg\u00bb align=\u00bbright\u00bb _builder_version=\u00bb3.12.2&#8243; border_width_all=\u00bb1px\u00bb border_color_all=\u00bb#ffffff\u00bb custom_margin=\u00bb|||\u00bb custom_padding=\u00bb|||\u00bb]<\/p>\n<p>&nbsp;<\/p>\n<p>[\/et_pb_image][\/et_pb_column][\/et_pb_row][\/et_pb_section][et_pb_section bb_built=\u00bb1&#8243; custom_padding_last_edited=\u00bbon|desktop\u00bb _builder_version=\u00bb3.0.74&#8243; background_color=\u00bb#dddddd\u00bb custom_padding=\u00bb||0px|\u00bb custom_padding_tablet=\u00bb50px|0|50px|0&#8243; transparent_background=\u00bboff\u00bb padding_mobile=\u00bboff\u00bb prev_background_color=\u00bb#7D8B5A\u00bb][et_pb_row _builder_version=\u00bb3.0.47&#8243; background_size=\u00bbinitial\u00bb background_position=\u00bbtop_left\u00bb background_repeat=\u00bbrepeat\u00bb][et_pb_column type=\u00bb1_2&#8243;][et_pb_text _builder_version=\u00bb3.0.87&#8243; background_size=\u00bbinitial\u00bb background_position=\u00bbtop_left\u00bb background_repeat=\u00bbrepeat\u00bb use_border_color=\u00bboff\u00bb border_color=\u00bb#ffffff\u00bb border_style=\u00bbsolid\u00bb]<\/p>\n<h4>Ultimos Newsletters<\/h4>\n<p>[\/et_pb_text][\/et_pb_column][et_pb_column type=\u00bb1_2&#8243;][\/et_pb_column][\/et_pb_row][et_pb_row _builder_version=\u00bb3.0.47&#8243; background_size=\u00bbinitial\u00bb background_position=\u00bbtop_left\u00bb background_repeat=\u00bbrepeat\u00bb][et_pb_column type=\u00bb4_4&#8243;][et_pb_blog fullwidth=\u00bboff\u00bb posts_number=\u00bb3&#8243; include_categories=\u00bb3&#8243; show_more=\u00bbon\u00bb show_author=\u00bboff\u00bb show_categories=\u00bboff\u00bb show_pagination=\u00bboff\u00bb _builder_version=\u00bb3.12.2&#8243; body_text_color=\u00bb#000000&#8243; use_border_color=\u00bboff\u00bb]<\/p>\n<p>&nbsp;<\/p>\n<p>[\/et_pb_blog][\/et_pb_column][\/et_pb_row][\/et_pb_section]<\/p>\n","protected":false},"excerpt":{"rendered":"<p>[et_pb_section bb_built=\u00bb1&#8243; custom_padding_last_edited=\u00bbon|desktop\u00bb _builder_version=\u00bb3.12.2&#8243; custom_padding=\u00bb5px|||\u00bb custom_padding_tablet=\u00bb50px|0|50px|0&#8243; custom_css_main_element=\u00bbborder-bottom: 2px solid #666;||padding: 0;\u00bb transparent_background=\u00bboff\u00bb next_background_color=\u00bb#dddddd\u00bb global_module=\u00bb663&#8243;][et_pb_row global_parent=\u00bb663&#8243; make_fullwidth=\u00bbon\u00bb use_custom_gutter=\u00bbon\u00bb gutter_width=\u00bb1&#8243; custom_padding=\u00bb0px|||\u00bb _builder_version=\u00bb3.12.2&#8243; module_alignment=\u00bbcenter\u00bb custom_css_main_element=\u00bbborder-bottom: 3px solid #8E9D66;||padding: 0;\u00bb module_class=\u00bbfive-columns\u00bb][et_pb_column type=\u00bb4_4&#8243;][et_pb_image global_parent=\u00bb663&#8243; src=\u00bbhttp:\/\/estudiovillano.com\/estudio\/wp-content\/uploads\/2017\/01\/encabezado-logo-martindale.jpg\u00bb url=\u00bbhttp:\/\/www.martindale.com\/\u00bb url_new_window=\u00bbon\u00bb show_bottom_space=\u00bboff\u00bb align=\u00bbcenter\u00bb _builder_version=\u00bb3.12.2&#8243; animation_style=\u00bbslide\u00bb animation_direction=\u00bbbottom\u00bb animation_duration=\u00bb500ms\u00bb animation_intensity_slide=\u00bb10%\u00bb use_border_color=\u00bboff\u00bb border_color=\u00bb#ffffff\u00bb border_style=\u00bbsolid\u00bb animation=\u00bbbottom\u00bb sticky=\u00bbon\u00bb module_class=\u00bbfive-columns\u00bb] &nbsp; [\/et_pb_image][et_pb_image global_parent=\u00bb663&#8243; src=\u00bbhttp:\/\/estudiovillano.com\/estudio\/wp-content\/uploads\/2017\/01\/encabezado-logo-globalipattorneys.jpg\u00bb url=\u00bbhttp:\/\/www.globalipattorneys.com\/\u00bb url_new_window=\u00bbon\u00bb show_bottom_space=\u00bboff\u00bb align=\u00bbcenter\u00bb _builder_version=\u00bb3.12.2&#8243; animation_style=\u00bbslide\u00bb [&hellip;]<\/p>\n","protected":false},"author":3,"featured_media":0,"parent":0,"menu_order":1,"comment_status":"closed","ping_status":"closed","template":"","meta":{"footnotes":""},"class_list":["post-103","page","type-page","status-publish","hentry"],"_links":{"self":[{"href":"https:\/\/estudiovillano.com\/estudio\/wp-json\/wp\/v2\/pages\/103","targetHints":{"allow":["GET"]}}],"collection":[{"href":"https:\/\/estudiovillano.com\/estudio\/wp-json\/wp\/v2\/pages"}],"about":[{"href":"https:\/\/estudiovillano.com\/estudio\/wp-json\/wp\/v2\/types\/page"}],"author":[{"embeddable":true,"href":"https:\/\/estudiovillano.com\/estudio\/wp-json\/wp\/v2\/users\/3"}],"replies":[{"embeddable":true,"href":"https:\/\/estudiovillano.com\/estudio\/wp-json\/wp\/v2\/comments?post=103"}],"version-history":[{"count":111,"href":"https:\/\/estudiovillano.com\/estudio\/wp-json\/wp\/v2\/pages\/103\/revisions"}],"predecessor-version":[{"id":1150,"href":"https:\/\/estudiovillano.com\/estudio\/wp-json\/wp\/v2\/pages\/103\/revisions\/1150"}],"wp:attachment":[{"href":"https:\/\/estudiovillano.com\/estudio\/wp-json\/wp\/v2\/media?parent=103"}],"curies":[{"name":"wp","href":"https:\/\/api.w.org\/{rel}","templated":true}]}}